{"id":1553,"date":"2025-05-01T20:13:02","date_gmt":"2025-05-02T00:13:02","guid":{"rendered":"https:\/\/estimation.quebec\/wordpress\/?page_id=1553"},"modified":"2025-05-04T01:13:31","modified_gmt":"2025-05-04T05:13:31","slug":"a-propos-de-point-quebec-media","status":"publish","type":"page","link":"https:\/\/estimation.quebec\/wordpress\/a-propos-de-point-quebec-media\/","title":{"rendered":"\u00c0 propos de Point-Qu\u00e9bec M\u00e9dia"},"content":{"rendered":"\n<p><strong>Bienvenue chez Point-Qu\u00e9bec M\u00e9dia \u2014 Un partenaire \u00e9ditorial d\u2019ici!<\/strong><\/p>\n\n\n\n<p>Vous avez un livre en t\u00eate\u2026 ou d\u00e9j\u00e0 entre les mains?<br>Point-Qu\u00e9bec M\u00e9dia est une maison d\u2019\u00e9dition ind\u00e9pendante qui propose un accompagnement professionnel et humain, \u00e0 l\u2019\u00e9chelle de chaque auteur et de chaque projet.<\/p>\n\n\n\n<p>Les services offerts incluent :<br>\u2022 La r\u00e9vision et la mise en page<br>\u2022 La cr\u00e9ation de couvertures percutantes<br>\u2022 Le d\u00e9p\u00f4t l\u00e9gal et l\u2019obtention d\u2019un ISBN<br>\u2022 La mise en vente du livre sur la boutique en ligne de Point-Qu\u00e9bec M\u00e9dia<br>\u2022 Des conseils pour la diffusion et la promotion<\/p>\n\n\n\n<p>L\u2019objectif : aider les auteurs \u00e0 faire rayonner leur \u0153uvre avec soin, rigueur et respect de leur vision.<\/p>\n\n\n\n<p><strong>Un premier contrat est d\u00e9j\u00e0 en cours \u2014 d\u2019autres suivront peut-\u00eatre gr\u00e2ce \u00e0 vous!<\/strong><br>Envie de publier? Parlons-en :<\/p>\n\n\n\n<p><strong>Point-Qu\u00e9bec M\u00e9dia<\/strong> <\/p>\n\n\n\n<p>Courriel:<br>slalancette@estimation.quebec<\/p>\n\n\n\n<p>Bo\u00eete vocale:<br>1-438-792-0636<\/p>\n\n\n\n<p><a href=\"https:\/\/estimation.quebec\/media\">https:\/\/estimation.quebec\/media<\/a><\/p>\n\n\n\n<p>Depuis son lancement modeste en 2023, le site Estimation.Qu\u00e9bec, propuls\u00e9 par Point-Qu\u00e9bec M\u00e9dia, offre une plateforme destin\u00e9e au partage d\u2019information sur l\u2019estimation de co\u00fbts. Le projet est rest\u00e9 jusqu\u2019ici discret \u2014 volontairement. Il serait en effet pr\u00e9matur\u00e9 de promouvoir un service qui n\u2019a pas encore la capacit\u00e9 de fournir l\u2019abondance de donn\u00e9es initialement envisag\u00e9e. Nous nous retrouvons ainsi dans une dynamique bien connue : celle de l\u2019\u0153uf et de la poule. Et l\u2019\u0153uf a \u00e9t\u00e9 couv\u00e9 longuement, comme en t\u00e9moignent les frais d\u2019exploitation du site qui ne cessent de s\u2019accumuler.<\/p>\n\n\n\n<p>L\u2019orientation vers l\u2019\u00e9dition et la publication de livres, bien qu\u2019\u00e0 premi\u00e8re vue \u00e9loign\u00e9e du domaine de l\u2019estimation, s\u2019est impos\u00e9e comme une n\u00e9cessit\u00e9 strat\u00e9gique. En l\u2019absence manifeste d\u2019int\u00e9r\u00eat pour la diffusion volontaire \u2014 m\u00eame gratuite \u2014 des prix de biens et services, il devient illusoire d\u2019esp\u00e9rer rentabiliser la plateforme, m\u00eame \u00e0 tr\u00e8s faible co\u00fbt. Fait r\u00e9v\u00e9lateur : un tiers des 664 visites enregistr\u00e9es depuis janvier concernait l\u2019article&nbsp;<em>\u00ab Comment brancher une g\u00e9n\u00e9ratrice \u00e0 la maison \u00bb<\/em>. On estime qu\u2019au moins la moiti\u00e9 de ces visites visaient en r\u00e9alit\u00e9 la recherche de donn\u00e9es relatives \u00e0 l\u2019estimation de co\u00fbts.<\/p>\n","protected":false},"excerpt":{"rendered":"<p>Bienvenue chez Point-Qu\u00e9bec M\u00e9dia \u2014 Un partenaire \u00e9ditorial d\u2019ici! Vous avez un livre en t\u00eate\u2026 ou d\u00e9j\u00e0 entre les mains?Point-Qu\u00e9bec M\u00e9dia est une maison d\u2019\u00e9dition ind\u00e9pendante qui propose un accompagnement professionnel et humain, \u00e0 l\u2019\u00e9chelle de chaque auteur et de chaque projet. Les services offerts incluent :\u2022 La r\u00e9vision et la mise en page\u2022 La [&hellip;]<\/p>\n","protected":false},"author":1,"featured_media":0,"parent":0,"menu_order":0,"comment_status":"closed","ping_status":"closed","template":"","meta":{"pagelayer_contact_templates":[],"_pagelayer_content":"","footnotes":""},"class_list":["post-1553","page","type-page","status-publish","hentry"],"_links":{"self":[{"href":"https:\/\/estimation.quebec\/wordpress\/wp-json\/wp\/v2\/pages\/1553","targetHints":{"allow":["GET"]}}],"collection":[{"href":"https:\/\/estimation.quebec\/wordpress\/wp-json\/wp\/v2\/pages"}],"about":[{"href":"https:\/\/estimation.quebec\/wordpress\/wp-json\/wp\/v2\/types\/page"}],"author":[{"embeddable":true,"href":"https:\/\/estimation.quebec\/wordpress\/wp-json\/wp\/v2\/users\/1"}],"replies":[{"embeddable":true,"href":"https:\/\/estimation.quebec\/wordpress\/wp-json\/wp\/v2\/comments?post=1553"}],"version-history":[{"count":4,"href":"https:\/\/estimation.quebec\/wordpress\/wp-json\/wp\/v2\/pages\/1553\/revisions"}],"predecessor-version":[{"id":1563,"href":"https:\/\/estimation.quebec\/wordpress\/wp-json\/wp\/v2\/pages\/1553\/revisions\/1563"}],"wp:attachment":[{"href":"https:\/\/estimation.quebec\/wordpress\/wp-json\/wp\/v2\/media?parent=1553"}],"curies":[{"name":"wp","href":"https:\/\/api.w.org\/{rel}","templated":true}]}}