{"id":39,"date":"2022-05-29T02:40:25","date_gmt":"2022-05-29T06:40:25","guid":{"rendered":"https:\/\/estimation.quebec\/wordpress\/?page_id=39"},"modified":"2025-06-07T09:50:59","modified_gmt":"2025-06-07T13:50:59","slug":"politique-de-confidentialite","status":"publish","type":"page","link":"https:\/\/estimation.quebec\/wordpress\/politique-de-confidentialite\/","title":{"rendered":"Politique de confidentialit\u00e9"},"content":{"rendered":"\n<h2 class=\"wp-block-heading\">GDPR<\/h2>\n\n\n\n<p>Lorsque vous-vous connectez sur le site web en utilisant les fonction de connexion par des tiers tel Facebook, Google ou autre, vous devez lire et accepter les termes \u00e9nonc\u00e9s dans le lien suivant. Le document ne semble malheureusement pas disponible en fran\u00e7ais. <a href=\"https:\/\/estimation.quebec\/wordpress\/nous-joindre\/\" data-type=\"URL\" data-id=\"https:\/\/estimation.quebec\/wordpress\/nous-joindre\/\">Contactez-nous<\/a> en cas de besoin.<\/p>\n\n\n\n<figure class=\"wp-block-embed is-type-wp-embed is-provider-heateor-support-documents wp-block-embed-heateor-support-documents\"><div class=\"wp-block-embed__wrapper\">\n<blockquote class=\"wp-embedded-content\" data-secret=\"TsGIwhwW0j\"><a href=\"https:\/\/support.heateor.com\/gdpr-and-our-plugins\/\">GDPR and Our Plugins<\/a><\/blockquote><iframe loading=\"lazy\" class=\"wp-embedded-content\" sandbox=\"allow-scripts\" security=\"restricted\" style=\"position: absolute; visibility: hidden;\" title=\"&#8220;GDPR and Our Plugins&#8221; &#8212; Heateor - Support Documents\" src=\"https:\/\/support.heateor.com\/gdpr-and-our-plugins\/embed\/#?secret=mkYuCedoQ8#?secret=TsGIwhwW0j\" data-secret=\"TsGIwhwW0j\" width=\"600\" height=\"338\" frameborder=\"0\" marginwidth=\"0\" marginheight=\"0\" scrolling=\"no\"><\/iframe>\n<\/div><\/figure>\n\n\n\n<h2 class=\"wp-block-heading\">Qui sommes-nous<\/h2>\n\n\n\n<p>Estimation.Qu\u00e9bec &#8211; Point Qu\u00e9bec Media &#8211; est une entreprise offrant un service de portail internet.<\/p>\n\n\n\n<p>L&rsquo;adresse de notre site web est : https:\/\/estimation.quebec\/.<\/p>\n\n\n\n<h2 class=\"wp-block-heading\">Commentaires<\/h2>\n\n\n\n<p>Quand vous laissez un commentaire sur notre site web, les donn\u00e9es inscrites dans le formulaire de commentaire, mais aussi votre adresse IP et l\u2019agent utilisateur de votre navigateur sont collect\u00e9s pour nous aider \u00e0 la d\u00e9tection des commentaires ind\u00e9sirables.<\/p>\n\n\n\n<p>Une cha\u00eene anonymis\u00e9e cr\u00e9\u00e9e \u00e0 partir de votre adresse courriel (\u00e9galement appel\u00e9e \u00ab\u00a0hash\u00a0\u00bb) peut \u00eatre envoy\u00e9e au service Gravatar pour v\u00e9rifier si vous utilisez ce dernier. Les politiques de confidentialit\u00e9 du service Gravatar sont disponibles ici : https:\/\/automattic.com\/privacy\/. Apr\u00e8s validation de votre commentaire, votre photo de profil sera visible publiquement \u00e0 cot\u00e9 de votre commentaire.<\/p>\n\n\n\n<h2 class=\"wp-block-heading\">M\u00e9dia<\/h2>\n\n\n\n<p>Si vous t\u00e9l\u00e9versez des images sur le site web, nous vous conseillons d\u2019\u00e9viter de t\u00e9l\u00e9verser des images contenant des donn\u00e9es EXIF contenant des coordonn\u00e9es GPS. Les visiteurs de ce site web peuvent t\u00e9l\u00e9charger et extraire des donn\u00e9es de localisation depuis ces images.<\/p>\n\n\n\n<h2 class=\"wp-block-heading\">T\u00e9moins<\/h2>\n\n\n\n<p>Si vous laissez un commentaire sur notre site, il vous sera propos\u00e9 d\u2019enregistrer votre nom, adresse courriel et site web dans des t\u00e9moins. C\u2019est uniquement pour vous simplifier la vie afin de ne pas avoir \u00e0 saisir ces informations si vous laissez un autre commentaire plus tard. Ces t\u00e9moins expirent au bout d\u2019un an.<\/p>\n\n\n\n<p>Si vous vous rendez sur la page de connexion, un t\u00e9moin temporaire sera cr\u00e9\u00e9 afin de d\u00e9terminer si votre navigateur accepte les t\u00e9moins. Il ne contient pas de donn\u00e9es personnelles et sera supprim\u00e9 automatiquement \u00e0 la fermeture de votre navigateur.<\/p>\n\n\n\n<p>Lorsque vous vous connecterez, nous mettrons en place un certain nombre de t\u00e9moins pour enregistrer vos informations de connexion et vos pr\u00e9f\u00e9rences d\u2019\u00e9cran. La dur\u00e9e de vie d\u2019un t\u00e9moin de connexion est de deux jours, celle d\u2019un t\u00e9moin d\u2019option d\u2019\u00e9cran est d\u2019un an. Si vous cochez \u00ab Se souvenir de moi \u00bb, votre t\u00e9moin de connexion sera conserv\u00e9 pendant deux semaines. Si vous vous d\u00e9connectez de votre compte, le t\u00e9moin de connexion sera effac\u00e9.<\/p>\n\n\n\n<p>En modifiant ou en publiant un article, un t\u00e9moin suppl\u00e9mentaire sera enregistr\u00e9 dans votre navigateur. Ce t\u00e9moin ne comprend aucune donn\u00e9e personnelle. Il indique simplement l\u2019identifiant de l\u2019article que vous venez de modifier. Il expire au bout d\u2019une journ\u00e9e.<\/p>\n\n\n\n<h2 class=\"wp-block-heading\">Contenu imbriqu\u00e9 d&rsquo;autres sites web<\/h2>\n\n\n\n<p>Les articles de ce site peuvent inclure des contenus int\u00e9gr\u00e9s (par exemple des vid\u00e9os, images, articles, etc). Le contenu int\u00e9gr\u00e9 \u00e0 partir d\u2019autres sites se comporte de la m\u00eame mani\u00e8re que si le visiteur se rendait sur cet autre site.<\/p>\n\n\n\n<p>Ces sites web pourraient recueillir des donn\u00e9es sur vous, utiliser des t\u00e9moins, installer des outils de suivi tierce-partie ou suivre vos interactions avec ces contenus int\u00e9gr\u00e9s si vous disposez d\u2019un compte et \u00eates connect\u00e9 leur site web.<\/p>\n\n\n\n<h2 class=\"wp-block-heading\">Avec qui partageons-nous vos donn\u00e9es<\/h2>\n\n\n\n<p>Si vous demandez une r\u00e9initialisation de votre mot de passe, votre adresse IP sera incluse dans le courriel de r\u00e9initialisation. <\/p>\n\n\n\n<h2 class=\"wp-block-heading\">Pendant combien de temps vos donn\u00e9es sont-elles conserv\u00e9es ?<\/h2>\n\n\n\n<p>Si vous laissez un commentaire, le commentaire et ses m\u00e9tadonn\u00e9es sont conserv\u00e9s ind\u00e9finiment. Ceci permet de reconna\u00eetre et approuver automatiquement les commentaires suivants au lieu de les laisser dans la file de mod\u00e9ration.<\/p>\n\n\n\n<p>Pour les utilisateurs qui s\u2019enregistrent sur notre site (si cela est possible), nous conservons \u00e9galement les donn\u00e9es personnelles indiqu\u00e9es dans leur profil. Tous les utilisateurs peuvent voir, modifier ou supprimer leurs informations personnelles \u00e0 tout moment (\u00e0 l\u2019exception de leur nom d\u2019utilisateur). Les gestionnaires du site peuvent aussi voir et modifier ces informations.<\/p>\n\n\n\n<h2 class=\"wp-block-heading\">Quels sont vos droits sur vos donn\u00e9es ?<\/h2>\n\n\n\n<p>Si vous avez un compte ou si vous avez laiss\u00e9 des commentaires sur ce site, vous pouvez demander \u00e0 recevoir un fichier contenant toutes les donn\u00e9es personnelles que nous poss\u00e9dons \u00e0 votre sujet, incluant celles que vous nous avez fournies. Vous pouvez \u00e9galement demander la suppression des donn\u00e9es personnelles vous concernant. Ceci ne prend pas en compte les donn\u00e9es conserv\u00e9es \u00e0 des fins administratives, l\u00e9gales ou pour des raisons de s\u00e9curit\u00e9.<\/p>\n\n\n\n<h2 class=\"wp-block-heading\">O\u00f9 vos donn\u00e9es sont envoy\u00e9es<\/h2>\n\n\n\n<p>Les commentaires des visiteurs peuvent \u00eatre v\u00e9rifi\u00e9s \u00e0 l\u2019aide d\u2019un service automatis\u00e9 de d\u00e9tection des commentaires ind\u00e9sirables.<\/p>\n\n\n\n<h2 class=\"wp-block-heading\">Renseignements personnels<\/h2>\n\n\n\n<p>Pour acc\u00e9der \u00e0 la plateforme s\u00e9curis\u00e9e, chaque utilisateur doit fournir son nom et pr\u00e9nom et son adresse de courriel.<\/p>\n\n\n\n<p>Ces informations et aussi les autres informations g\u00e9n\u00e9r\u00e9es par l&rsquo;utilisation du siteweb par l&rsquo;utilisateur sont stock\u00e9es sur une base de donn\u00e9es dans un serveur infonuagique s\u00e9curis\u00e9 et h\u00e9berg\u00e9 dans une ferme de serveurs au Canada.<\/p>\n\n\n\n<p>Tous les \u00e9changes entre Estimation.quebec et la plateforme sont s\u00e9curis\u00e9es par le protocole SSL\/TLS, comme en t\u00e9moigne le petit cadenas \u00e0 gauche de l&rsquo;adresse du navigateur.<\/p>\n\n\n\n<p>L\u2019authentification \u00e0 deux facteurs permet d&rsquo;am\u00e9liorer la s\u00e9curit\u00e9 de l&rsquo;acc\u00e8s au site en limitant ainsi le risque associ\u00e9 \u00e0 la fuite d&rsquo;un mot de passe. Il est quand m\u00eame recommand\u00e9 de changer de mot de passe p\u00e9riodiquement.<\/p>\n\n\n\n<h2 class=\"wp-block-heading\">Demandes de renseignement par les autorit\u00e9s<\/h2>\n\n\n\n<p>Les informations contenues dans cette section ne s&rsquo;appliquent pas aux demandes li\u00e9es \u00e0 des mandats de perquisition ou \u00e0 des ordonnances judiciaires associ\u00e9es \u00e0 des enqu\u00eates criminelles.<\/p>\n\n\n\n<p>Toute demande de renseignement par les autorit\u00e9s sera examin\u00e9e afin d\u2019en \u00e9valuer la l\u00e9galit\u00e9. Si la demande doit rester secr\u00e8te, elle doit inclure un d\u00e9lai de traitement pour fin d&rsquo;enqu\u00eate ne d\u00e9passant pas le d\u00e9lai maximum pr\u00e9vu par la loi, ou 5 ans si aucun d\u00e9lai n&rsquo;est pr\u00e9vu. Des frais pourraient s&rsquo;appliquer au demandeur.<\/p>\n\n\n\n<p>Un registre de toutes les communication relatives aux demandes de renseignement par les autorit\u00e9s sera tenu,  le demandeur, les acteurs impliqu\u00e9s, le fondement l\u00e9gal utilis\u00e9 et le d\u00e9lai de traitement pour fins d&rsquo;enqu\u00eate.<\/p>\n\n\n\n<p><\/p>\n\n\n\n<h2 class=\"wp-block-heading\">Processus de contestation de transmission de renseignement personnels<\/h2>\n\n\n\n<p>S&rsquo;il est trouv\u00e9 qu&rsquo;une demande d&rsquo;information par les autorit\u00e9s s&rsquo;av\u00e8re ill\u00e9gale, les personnes ayant fait l&rsquo;objet d&rsquo;une telle demande seront inform\u00e9es, si la loi le permet, dans un plus court d\u00e9lai. Tous les renseignements pouvant aider notre client \u00e0 contester la demande lui seront alors transmis. Ceci lui permettra alors de choisir entre les deux options suivantes:<\/p>\n\n\n\n<ul class=\"wp-block-list\">\n<li>Donner l&rsquo;autorisation \u00e0 Point-Qu\u00e9bec M\u00e9dia de transmettre les renseignements personnels demand\u00e9s;<\/li>\n\n\n\n<li>Contester la demande, ce qui pr\u00e9viendra toute transmission non autoris\u00e9e.<\/li>\n<\/ul>\n\n\n\n<h2 class=\"wp-block-heading\">Quelles sont les donn\u00e9es personnelles que nous collectons et pourquoi&nbsp;?<\/h2>\n\n\n\n<h3 class=\"wp-block-heading\">Donn\u00e9es de profil<\/h3>\n\n\n\n<p>Lorsque vous vous inscrivez sur le site, il est possible qu\u2019il vous soit demand\u00e9 de fournir un certain nombre de donn\u00e9es personnelles pour les afficher sur votre page de profil. Le champ du \u00ab Nom \u00bb est \u00e0 la fois obligatoire et public et les pages de profil sont visibles par tout utilisatrice ou utilisateur. D\u2019autres donn\u00e9es de profil peuvent \u00eatre obligatoires ou optionnelles dans la mesure ou ceci d\u00e9pend des r\u00e9glages appliqu\u00e9s par l\u2019administrateur du site.<\/p>\n\n\n\n<p>Les informations collect\u00e9es durant la cr\u00e9ation d\u2019un compte d\u2019utilisatrice ou d\u2019utilisateur peuvent \u00eatre modifi\u00e9es ou supprim\u00e9es depuis le panneau \u00ab Profil &gt; Modifier \u00bb. Dans la plupart des cas, les utilisatrices ou les utilisateurs ont \u00e9galement la ma\u00eetrise de la visibilit\u00e9 de ces informations de profil gr\u00e2ce \u00e0 la possibilit\u00e9 de restreindre cette visibilit\u00e9, et ce pour chaque information, \u00e0 leurs ami\u00b7e\u00b7s, aux membres connect\u00e9\u00b7e\u00b7s ou aux administrateurs uniquement. Les administrateurs de site peuvent consulter ou modifier toutes les donn\u00e9es de tou\u00b7te\u00b7s les utilisatrices ou utilisateurs.<\/p>\n\n\n\n<h3 class=\"wp-block-heading\">Activit\u00e9<\/h3>\n\n\n\n<p>Ce site enregistre un certain nombre d\u2019actions li\u00e9es \u00e0 l\u2019utilisatrice ou \u00e0 l\u2019utilisateur sous la forme d\u2019activit\u00e9s. Les activit\u00e9s int\u00e8grent \u00e0 la fois des publications des commentaires ajout\u00e9es aux diff\u00e9rents flux d\u2019activit\u00e9s et des descriptions ou des actions effectu\u00e9es pendant l\u2019utilisation du site telles qu\u2019une nouvelle mise en relation, une nouvelle adh\u00e9sion \u00e0 un groupe, ou encore des mises \u00e0 jour de profil.<\/p>\n\n\n\n<p>Le contenu des activit\u00e9s ob\u00e9it aux m\u00eames r\u00e8gles de confidentialit\u00e9 que le contexte dans lequel il a \u00e9t\u00e9 cr\u00e9\u00e9. Par exemple, les activit\u00e9s publi\u00e9es dans le profil de l\u2019utilisatrice ou de l\u2019utilisateur sont visibles publiquement, alors que les activit\u00e9s g\u00e9n\u00e9r\u00e9es dans un groupe priv\u00e9 ne sont visibles que par les membres de ce groupe. Les administrateurs de site peuvent consulter toutes les activit\u00e9s quelque soit leur contexte de publication.<\/p>\n\n\n\n<p>Les activit\u00e9s du site peuvent \u00eatre supprim\u00e9es \u00e0 tout moment par les utilisatrices ou les utilisateurs les ayant cr\u00e9\u00e9es. Les administrateurs de site peuvent modifier toutes les activit\u00e9s du site.<\/p>\n\n\n\n<h3 class=\"wp-block-heading\">Messages<\/h3>\n\n\n\n<p>Le contenu des messages priv\u00e9s est uniquement visible par son \u00e9mettrice ou son \u00e9metteur et ses destinatrices ou ses destinataires. A l\u2019exception de l\u2019administrateur du site, qui peut consulter tous les messages priv\u00e9s, leur contenu n\u2019est jamais visible par les autres utilisatrices ou un utilisateurs. Les administrateurs sont susceptible de supprimer le contenu de tout message.<\/p>\n\n\n\n<h3 class=\"wp-block-heading\">Cookies<\/h3>\n\n\n\n<p>Nous utilisons des Cookies pour afficher les messages de succ\u00e8s ou d\u2019erreur \u00e0 l\u2019utilisatrice ou l\u2019utilisateur connect\u00e9\u00b7e en r\u00e9ponse \u00e0 certains \u00e9v\u00e9nements, comme l\u2019adh\u00e9sion \u00e0 un groupe. Ces Cookies ne contiennent pas de donn\u00e9es personnelles et sont effac\u00e9s d\u00e9s le chargement d&rsquo;une nouvelle page du site.<\/p>\n\n\n\n<p>Nous utilisons des Cookies dans les r\u00e9pertoires des groupes et des membres ainsi que dans la page des activit\u00e9s globales du site pour garder une trace des pr\u00e9f\u00e9rences de navigation de l\u2019utilisatrice ou de l\u2019utilisateur. Ces pr\u00e9f\u00e9rences incluent les derni\u00e8res valeurs s\u00e9lectionn\u00e9es pour les listes d\u00e9roulantes utilis\u00e9es pour ordonner ou filtrer les \u00e9l\u00e9ments ainsi que les informations de pagination. Ces Cookies ne contiennent pas de donn\u00e9es personnelles, et sont effac\u00e9s au bout de 24 heures.<\/p>\n\n\n\n<p>Lorsqu\u2019une utilisatrice ou un utilisateur cr\u00e9e un nouveau groupe, nous utilisons un certains nombre de Cookies pour garder une trace du processus de cr\u00e9ation du groupe. Ces Cookies ne contiennent pas de donn\u00e9es personnelles et sont effac\u00e9s d\u00e8s que le groupe est effectivement cr\u00e9\u00e9 ou apr\u00e8s 24 heures.<\/p>\n\n\n\n<figure class=\"wp-block-image aligncenter size-full is-resized\"><img loading=\"lazy\" decoding=\"async\" width=\"800\" height=\"800\" src=\"https:\/\/estimation.quebec\/wordpress\/wp-content\/uploads\/2022\/06\/logo3_fond_blanc.png\" alt=\"\" class=\"wp-image-411\" style=\"width:200px;height:200px\" srcset=\"https:\/\/estimation.quebec\/wordpress\/wp-content\/uploads\/2022\/06\/logo3_fond_blanc.png 800w, https:\/\/estimation.quebec\/wordpress\/wp-content\/uploads\/2022\/06\/logo3_fond_blanc-300x300.png 300w, https:\/\/estimation.quebec\/wordpress\/wp-content\/uploads\/2022\/06\/logo3_fond_blanc-150x150.png 150w, https:\/\/estimation.quebec\/wordpress\/wp-content\/uploads\/2022\/06\/logo3_fond_blanc-768x768.png 768w\" sizes=\"auto, 100vw\" \/><\/figure>\n","protected":false},"excerpt":{"rendered":"<p>GDPR Lorsque vous-vous connectez sur le site web en utilisant les fonction de connexion par des tiers tel Facebook, Google ou autre, vous devez lire et accepter les termes \u00e9nonc\u00e9s dans le lien suivant. Le document ne semble malheureusement pas disponible en fran\u00e7ais. Contactez-nous en cas de besoin. Qui sommes-nous Estimation.Qu\u00e9bec &#8211; Point Qu\u00e9bec Media [&hellip;]<\/p>\n","protected":false},"author":1,"featured_media":0,"parent":0,"menu_order":0,"comment_status":"closed","ping_status":"closed","template":"","meta":{"pagelayer_contact_templates":[],"_pagelayer_content":"","footnotes":""},"class_list":["post-39","page","type-page","status-publish","hentry"],"_links":{"self":[{"href":"https:\/\/estimation.quebec\/wordpress\/wp-json\/wp\/v2\/pages\/39","targetHints":{"allow":["GET"]}}],"collection":[{"href":"https:\/\/estimation.quebec\/wordpress\/wp-json\/wp\/v2\/pages"}],"about":[{"href":"https:\/\/estimation.quebec\/wordpress\/wp-json\/wp\/v2\/types\/page"}],"author":[{"embeddable":true,"href":"https:\/\/estimation.quebec\/wordpress\/wp-json\/wp\/v2\/users\/1"}],"replies":[{"embeddable":true,"href":"https:\/\/estimation.quebec\/wordpress\/wp-json\/wp\/v2\/comments?post=39"}],"version-history":[{"count":11,"href":"https:\/\/estimation.quebec\/wordpress\/wp-json\/wp\/v2\/pages\/39\/revisions"}],"predecessor-version":[{"id":1572,"href":"https:\/\/estimation.quebec\/wordpress\/wp-json\/wp\/v2\/pages\/39\/revisions\/1572"}],"wp:attachment":[{"href":"https:\/\/estimation.quebec\/wordpress\/wp-json\/wp\/v2\/media?parent=39"}],"curies":[{"name":"wp","href":"https:\/\/api.w.org\/{rel}","templated":true}]}}