{"id":677,"date":"2022-06-21T21:37:49","date_gmt":"2022-06-22T01:37:49","guid":{"rendered":"https:\/\/estimation.quebec\/wordpress\/?page_id=677"},"modified":"2024-06-02T12:07:44","modified_gmt":"2024-06-02T16:07:44","slug":"articles","status":"publish","type":"page","link":"https:\/\/estimation.quebec\/wordpress\/articles\/","title":{"rendered":"Page des articles"},"content":{"rendered":"\n<div class=\"wp-block-query is-layout-flow wp-block-query-is-layout-flow\"><ul class=\"wp-block-post-template is-layout-flow wp-block-post-template-is-layout-flow\"><li class=\"wp-block-post post-1511 post type-post status-publish format-standard hentry category-services tag-cout tag-deneigement tag-estimation\">\n<h2 class=\"wp-block-post-title\"><a href=\"https:\/\/estimation.quebec\/wordpress\/combien-coute-le-deneigement\/\" target=\"_self\" >Combien co\u00fbte le d\u00e9neigement<\/a><\/h2>\n\n\n\n<div class=\"wp-block-post-excerpt\"><p class=\"wp-block-post-excerpt__excerpt\">Co\u00fbt d&rsquo;achat, de financement ou de location \u00e0 long terme Pour faire de l&rsquo;argent \u00e7a prend d&rsquo;abord un bon plan. Les \u00e9quipements lourds co\u00fbtent souvent dans les 6 chiffres. Un tracteur de d\u00e9neigement r\u00e9sidentiel de bonne qualit\u00e9, \u00e9quip\u00e9 d\u2019un souffleur et d\u2019une gratte, peut facilement co\u00fbter entre 50\u202f000\u202f$ et 100\u202f000\u202f$, selon la marque, la puissance,<\/p><p class=\"wp-block-post-excerpt__more-text\"><a class=\"wp-block-post-excerpt__more-link\" href=\"https:\/\/estimation.quebec\/wordpress\/combien-coute-le-deneigement\/\">&gt;&gt;&gt;Lire la suite&lt;&lt;&lt;&lt;<\/a><\/p><\/div>\n\n\n<hr class=\"wp-block-separator has-css-opacity\"\/>\n\n\n<div class=\"wp-block-post-date\"><time datetime=\"2025-04-04T22:55:55-04:00\">2025-04-04<\/time><\/div>\n<\/li><li class=\"wp-block-post post-1479 post type-post status-publish format-standard has-post-thumbnail hentry category-fournisseurs tag-eclairage tag-eclairage-sportif tag-subvention\">\n<h2 class=\"wp-block-post-title\"><a href=\"https:\/\/estimation.quebec\/wordpress\/eclairage-sportif-avec-75-de-subvention-hq\/\" target=\"_self\" >\u00c9clairage Sportif avec 75 % de subvention HQ<\/a><\/h2>\n\n<figure class=\"alignwide wp-block-post-featured-image\"><a href=\"https:\/\/estimation.quebec\/wordpress\/eclairage-sportif-avec-75-de-subvention-hq\/\" target=\"_self\"  ><img loading=\"lazy\" decoding=\"async\" width=\"1244\" height=\"717\" src=\"https:\/\/estimation.quebec\/wordpress\/wp-content\/uploads\/Terrain-de-baseball-1.jpg\" class=\"attachment-post-thumbnail size-post-thumbnail wp-post-image\" alt=\"\u00c9clairage Sportif avec 75 % de subvention HQ\" style=\"object-fit:cover;\" srcset=\"https:\/\/estimation.quebec\/wordpress\/wp-content\/uploads\/Terrain-de-baseball-1.jpg 1244w, https:\/\/estimation.quebec\/wordpress\/wp-content\/uploads\/Terrain-de-baseball-1-300x173.jpg 300w, https:\/\/estimation.quebec\/wordpress\/wp-content\/uploads\/Terrain-de-baseball-1-1024x590.jpg 1024w, https:\/\/estimation.quebec\/wordpress\/wp-content\/uploads\/Terrain-de-baseball-1-768x443.jpg 768w\" sizes=\"auto, 100vw\" \/><\/a><\/figure>\n\n<div class=\"wp-block-post-excerpt\"><p class=\"wp-block-post-excerpt__excerpt\">Bonjour, Il est temps de passer au printemps qui arrive \u00e0 grand pas. Ne manquez pas l\u2019occasion de transformer l&rsquo;\u00e9clairage traditionnel de vos terrains ext\u00e9rieur en \u00e9clairage au del. Hydro Qu\u00e9bec subventionne jusqu\u2019\u00e0 &nbsp;75 % pour votre \u00e9clairage au Del avec 200&nbsp;000 hres de dur\u00e9e de vie. G\u00e2ter vous avec ce nouveau luminaire qui est<\/p><p class=\"wp-block-post-excerpt__more-text\"><a class=\"wp-block-post-excerpt__more-link\" href=\"https:\/\/estimation.quebec\/wordpress\/eclairage-sportif-avec-75-de-subvention-hq\/\">&gt;&gt;&gt;Lire la suite&lt;&lt;&lt;&lt;<\/a><\/p><\/div>\n\n\n<hr class=\"wp-block-separator has-css-opacity\"\/>\n\n\n<div class=\"wp-block-post-date\"><time datetime=\"2024-08-20T20:50:43-04:00\">2024-08-20<\/time><\/div>\n<\/li><li class=\"wp-block-post post-1348 post type-post status-publish format-standard has-post-thumbnail hentry category-mode_demploi category-uncategorized category-residentiel tag-soffite-et-fascia tag-vinyle\">\n<h2 class=\"wp-block-post-title\"><a href=\"https:\/\/estimation.quebec\/wordpress\/estimer-des-couts-avec-freeplane\/\" target=\"_self\" >Estimer des co\u00fbts avec Freeplane<\/a><\/h2>\n\n<figure class=\"alignwide wp-block-post-featured-image\"><a href=\"https:\/\/estimation.quebec\/wordpress\/estimer-des-couts-avec-freeplane\/\" target=\"_self\"  ><img loading=\"lazy\" decoding=\"async\" width=\"1647\" height=\"891\" src=\"https:\/\/estimation.quebec\/wordpress\/wp-content\/uploads\/img1289712908278378384.png\" class=\"attachment-post-thumbnail size-post-thumbnail wp-post-image\" alt=\"Estimer des co\u00fbts avec Freeplane\" style=\"object-fit:cover;\" srcset=\"https:\/\/estimation.quebec\/wordpress\/wp-content\/uploads\/img1289712908278378384.png 1647w, https:\/\/estimation.quebec\/wordpress\/wp-content\/uploads\/img1289712908278378384-300x162.png 300w, https:\/\/estimation.quebec\/wordpress\/wp-content\/uploads\/img1289712908278378384-1024x554.png 1024w, https:\/\/estimation.quebec\/wordpress\/wp-content\/uploads\/img1289712908278378384-768x415.png 768w, https:\/\/estimation.quebec\/wordpress\/wp-content\/uploads\/img1289712908278378384-1536x831.png 1536w\" sizes=\"auto, 100vw\" \/><\/a><\/figure>\n\n<div class=\"wp-block-post-excerpt\"><p class=\"wp-block-post-excerpt__excerpt\">Comment construire un estim\u00e9 heuristique Petite vid\u00e9o tutoriel pour entrer des attributs et faire des calculs dans une carte heuristique Freeplane. Freeplane Quoi de mieux pour vous convaincre des bienfaits de la m\u00e9thode d&rsquo;estimation par carte heuristique que d&rsquo;utiliser un exemple. Je veux justement poser du vinyle sur mon garage. J&rsquo;utilise alors une carte heuristique<\/p><p class=\"wp-block-post-excerpt__more-text\"><a class=\"wp-block-post-excerpt__more-link\" href=\"https:\/\/estimation.quebec\/wordpress\/estimer-des-couts-avec-freeplane\/\">&gt;&gt;&gt;Lire la suite&lt;&lt;&lt;&lt;<\/a><\/p><\/div>\n\n\n<hr class=\"wp-block-separator has-css-opacity\"\/>\n\n\n<div class=\"wp-block-post-date\"><time datetime=\"2023-10-24T21:35:23-04:00\">2023-10-24<\/time><\/div>\n<\/li><\/ul><\/div>\n","protected":false},"excerpt":{"rendered":"","protected":false},"author":1,"featured_media":0,"parent":0,"menu_order":0,"comment_status":"closed","ping_status":"closed","template":"","meta":{"pagelayer_contact_templates":[],"_pagelayer_content":"","footnotes":""},"class_list":["post-677","page","type-page","status-publish","hentry"],"_links":{"self":[{"href":"https:\/\/estimation.quebec\/wordpress\/wp-json\/wp\/v2\/pages\/677","targetHints":{"allow":["GET"]}}],"collection":[{"href":"https:\/\/estimation.quebec\/wordpress\/wp-json\/wp\/v2\/pages"}],"about":[{"href":"https:\/\/estimation.quebec\/wordpress\/wp-json\/wp\/v2\/types\/page"}],"author":[{"embeddable":true,"href":"https:\/\/estimation.quebec\/wordpress\/wp-json\/wp\/v2\/users\/1"}],"replies":[{"embeddable":true,"href":"https:\/\/estimation.quebec\/wordpress\/wp-json\/wp\/v2\/comments?post=677"}],"version-history":[{"count":9,"href":"https:\/\/estimation.quebec\/wordpress\/wp-json\/wp\/v2\/pages\/677\/revisions"}],"predecessor-version":[{"id":899,"href":"https:\/\/estimation.quebec\/wordpress\/wp-json\/wp\/v2\/pages\/677\/revisions\/899"}],"wp:attachment":[{"href":"https:\/\/estimation.quebec\/wordpress\/wp-json\/wp\/v2\/media?parent=677"}],"curies":[{"name":"wp","href":"https:\/\/api.w.org\/{rel}","templated":true}]}}