{"id":729,"date":"2022-06-24T07:38:00","date_gmt":"2022-06-24T11:38:00","guid":{"rendered":"https:\/\/estimation.quebec\/wordpress\/?page_id=729"},"modified":"2023-07-13T17:10:16","modified_gmt":"2023-07-13T21:10:16","slug":"nous-joindre","status":"publish","type":"page","link":"https:\/\/estimation.quebec\/wordpress\/nous-joindre\/","title":{"rendered":"Nous joindre"},"content":{"rendered":"\n<p>Vous avez une id\u00e9e \u00e0 nous proposer? Il y a quelque chose qui cloche? Vous n&rsquo;arrivez pas \u00e0 faire ce que vous-voulez faire? Vous aimeriez une nouvelle fonctionnalit\u00e9?  N&rsquo;h\u00e9sitez pas \u00e0 nous contacter par courriel \u00e0 estimation@estimation.quebec.<\/p>\n\n\n\n<p>Vous pouvez aussi nous laisser un message sur notre bo\u00eete vocale au 1-438-792-0636.<\/p>\n\n\n\n<p>N&rsquo;h\u00e9sitez pas \u00e0 contacter les autres utilisateurs avec la messagerie du site.<\/p>\n","protected":false},"excerpt":{"rendered":"<p>Vous avez une id\u00e9e \u00e0 nous proposer? Il y a quelque chose qui cloche? Vous n&rsquo;arrivez pas \u00e0 faire ce que vous-voulez faire? Vous aimeriez une nouvelle fonctionnalit\u00e9? N&rsquo;h\u00e9sitez pas \u00e0 nous contacter par courriel \u00e0 estimation@estimation.quebec. Vous pouvez aussi nous laisser un message sur notre bo\u00eete vocale au 1-438-792-0636. N&rsquo;h\u00e9sitez pas \u00e0 contacter les [&hellip;]<\/p>\n","protected":false},"author":1,"featured_media":0,"parent":0,"menu_order":0,"comment_status":"closed","ping_status":"closed","template":"","meta":{"pagelayer_contact_templates":[],"_pagelayer_content":"","footnotes":""},"class_list":["post-729","page","type-page","status-publish","hentry"],"_links":{"self":[{"href":"https:\/\/estimation.quebec\/wordpress\/wp-json\/wp\/v2\/pages\/729","targetHints":{"allow":["GET"]}}],"collection":[{"href":"https:\/\/estimation.quebec\/wordpress\/wp-json\/wp\/v2\/pages"}],"about":[{"href":"https:\/\/estimation.quebec\/wordpress\/wp-json\/wp\/v2\/types\/page"}],"author":[{"embeddable":true,"href":"https:\/\/estimation.quebec\/wordpress\/wp-json\/wp\/v2\/users\/1"}],"replies":[{"embeddable":true,"href":"https:\/\/estimation.quebec\/wordpress\/wp-json\/wp\/v2\/comments?post=729"}],"version-history":[{"count":4,"href":"https:\/\/estimation.quebec\/wordpress\/wp-json\/wp\/v2\/pages\/729\/revisions"}],"predecessor-version":[{"id":1334,"href":"https:\/\/estimation.quebec\/wordpress\/wp-json\/wp\/v2\/pages\/729\/revisions\/1334"}],"wp:attachment":[{"href":"https:\/\/estimation.quebec\/wordpress\/wp-json\/wp\/v2\/media?parent=729"}],"curies":[{"name":"wp","href":"https:\/\/api.w.org\/{rel}","templated":true}]}}