{"id":8,"date":"2022-06-10T00:18:41","date_gmt":"2022-06-10T04:18:41","guid":{"rendered":"https:\/\/estimation.quebec\/wordpress\/?page_id=8"},"modified":"2024-10-17T23:56:13","modified_gmt":"2024-10-18T03:56:13","slug":"a-propos","status":"publish","type":"page","link":"https:\/\/estimation.quebec\/wordpress\/a-propos\/","title":{"rendered":"\u00c0 propos d&rsquo;Estimation.Qu\u00e9bec"},"content":{"rendered":"\n<figure class=\"wp-block-image aligncenter size-full is-resized\"><img loading=\"lazy\" decoding=\"async\" width=\"800\" height=\"800\" src=\"https:\/\/estimation.quebec\/wordpress\/wp-content\/uploads\/2022\/06\/logo3_fond_blanc.png\" alt=\"\" class=\"wp-image-411\" style=\"width:204px;height:204px\" srcset=\"https:\/\/estimation.quebec\/wordpress\/wp-content\/uploads\/2022\/06\/logo3_fond_blanc.png 800w, https:\/\/estimation.quebec\/wordpress\/wp-content\/uploads\/2022\/06\/logo3_fond_blanc-300x300.png 300w, https:\/\/estimation.quebec\/wordpress\/wp-content\/uploads\/2022\/06\/logo3_fond_blanc-150x150.png 150w, https:\/\/estimation.quebec\/wordpress\/wp-content\/uploads\/2022\/06\/logo3_fond_blanc-768x768.png 768w\" sizes=\"auto, 100vw\" \/><\/figure>\n\n\n\n<h2 class=\"wp-block-heading\">Introduction<\/h2>\n\n\n\n<p>Estimation.Qu\u00e9bec est une entreprise qui op\u00e8re un site internet. Elle est aussi enregistr\u00e9e sous le nom de Point Qu\u00e9bec Media.<\/p>\n\n\n\n<p>L&rsquo;adresse de notre site web est <a href=\"https:\/\/estimation.quebec\">https:\/\/estimation.quebec<\/a>.<\/p>\n\n\n\n<div style=\"text-align: center;\">\n<a href=\"https:\/\/whc.ca\/ecoresponsable\/?aff=3153&#038;gbid=5fr\" onclick=\"window.open(this.href, 'popupWindow', 'width=450, height=610, status=no, scrollbars=no, menubar=no'); return false;\" align=\"center\"><img decoding=\"async\" src=\"https:\/\/s.whc.ca\/badges\/green-badge-5-fr.svg\" width=\"130\" alt=\"Sceau h\u00e9bergement \u00e9coresponsable\" \/><\/a>\n<\/div>\n\n\n\n<h2 class=\"wp-block-heading\"><strong>Mission<\/strong><\/h2>\n\n\n\n<p>Estimation.Qu\u00e9bec d\u00e9sire partager la vision d\u2019un march\u00e9 o\u00f9:<\/p>\n\n\n\n<ul class=\"wp-block-list\">\n<li>Les clients paient le juste prix pour les produits et services qu&rsquo;ils ont besoin;<\/li>\n\n\n\n<li>Les fournisseurs de produits et services rejoignent les bons clients et obtiennent le juste prix pour travailler;<\/li>\n\n\n\n<li>Les professionnels et consultants sont guid\u00e9s non seulement par le prix mais surtout par des sp\u00e9cifications respectant plusieurs autres crit\u00e8res tels que:\n<ul class=\"wp-block-list\">\n<li>la qualit\u00e9 des produits;<\/li>\n\n\n\n<li>les tendances du march\u00e9;<\/li>\n\n\n\n<li>les normes de fabrication;<\/li>\n\n\n\n<li>des conditions de travail dignes de la soci\u00e9t\u00e9 qu\u00e9b\u00e9coise.<\/li>\n<\/ul>\n<\/li>\n<\/ul>\n\n\n\n<p>Pour accomplir sa mission, Estimation.Qu\u00e9bec propose une plateforme collaborative d&rsquo;estimation de co\u00fbts de construction au service des :<\/p>\n\n\n\n<ul class=\"wp-block-list\">\n<li>Architectes;<\/li>\n\n\n\n<li>Entrepreneurs;<\/li>\n\n\n\n<li>\u00c9quipementiers;<\/li>\n\n\n\n<li>Fournisseurs de produits et de services;<\/li>\n\n\n\n<li>Ing\u00e9nieurs;<\/li>\n\n\n\n<li>Manufacturiers et de leurs repr\u00e9sentants.<\/li>\n<\/ul>\n\n\n\n<h2 class=\"wp-block-heading\"><strong>Le juste prix<\/strong><\/h2>\n\n\n\n<p>Le prix est un crit\u00e8re d&rsquo;analyse universel qui, en apparence, ne n\u00e9cessite pas de comp\u00e9tences particuli\u00e8res pour \u00eatre appr\u00e9ci\u00e9. Or, la culture du plus bas prix dans l&rsquo;approvisionnement des projets de construction peut avoir des cons\u00e9quences f\u00e2cheuses sur l&rsquo;industrie telles que: longs d\u00e9lais de livraisons, rupture de stocks, augmentation surprise des co\u00fbts et probl\u00e8mes de qualit\u00e9. Les autres crit\u00e8res d&rsquo;analyses, qui sont souvent tout aussi importants, ne sautent pas autant aux yeux qu&rsquo;une simple comparaison num\u00e9rique.  L&rsquo;id\u00e9e de base de la plateforme est de partager les connaissances et de rendre le processus plus efficace.<\/p>\n\n\n\n<h2 class=\"wp-block-heading\"><strong>Commentaires ou suggestions<\/strong><\/h2>\n\n\n\n<p>Vous pouvez d\u00e8s maintenant cr\u00e9er votre compte et commencer utiliser les forums.  Vous serez ainsi inform\u00e9 plus rapidement des derniers d\u00e9veloppements d&rsquo;Estimation.Qu\u00e9bec. N&rsquo;h\u00e9sitez pas \u00e0 nous partager en commentaire toute id\u00e9e qui rendrait Estimation.Qu\u00e9bec plus conforme \u00e0 vos attentes. Suite \u00e0 votre demande d&rsquo;inscription, il est possible qu&rsquo;on vous contacte par courriel afin d&rsquo;en savoir un peu plus sur vous. Avant de pouvoir publier un article sur le site votre publication doit \u00eatre approuv\u00e9e.<\/p>\n\n\n\n<h2 class=\"wp-block-heading\">Abonnement gratuit<\/h2>\n\n\n\n<p>Jusqu&rsquo;\u00e0 nouvel ordre, le service est offert gratuitement \u00e0 ses membres, en \u00e9change de leur pr\u00e9cieuse collaboration. Nous cherchons toujours la fa\u00e7on la plus \u00e9l\u00e9gante de faire en sorte de couvrir nos frais de d\u00e9veloppement et d&rsquo;op\u00e9ration en premier lieu et d&rsquo;\u00e9ventuellement engendrer quelques profits. La publicit\u00e9 de bouche \u00e0 oreille pour attirer de nouveaux membres est toujours appr\u00e9ci\u00e9e. Les commentaires constructifs sont aussi les bienvenus.<\/p>\n\n\n\n<p>Cliquez sur le lien pour voir les articles.<\/p>\n\n\n\n<p><a href=\"https:\/\/estimation.quebec\/wordpress\/articles\/\" data-type=\"link\" data-id=\"https:\/\/estimation.quebec\/wordpress\/articles\/\">https:\/\/estimation.quebec\/wordpress\/articles\/<\/a><\/p>\n\n\n\n<div class=\"fb-post\" data-href=\"https:\/\/www.facebook.com\/permalink.php?story_fbid=pfbid09GA5aj1VxfzGtFfZidC4EfnQm3TUGnTFm72YNx7S6jo4v476XXBpRHoKCFvKwnowl&amp;id=100083540594383\" data-width=\"\" device-width data-show-text=\"true\"><blockquote cite=\"https:\/\/www.facebook.com\/permalink.php?story_fbid=429628929831790&amp;id=100083540594383\" class=\"fb-xfbml-parse-ignore\"><p>Chers facebookois et facebookoises,  prendre note que le login via Facebook est DE NOUVEAU disponible pour se connecter&#8230;<\/p>Publi\u00e9 par <a href=\"https:\/\/www.facebook.com\/people\/Estimationquebec\/100083540594383\/\">Estimation.quebec<\/a> sur&nbsp;<a href=\"https:\/\/www.facebook.com\/permalink.php?story_fbid=429628929831790&amp;id=100083540594383\">Jeudi 30 mai 2024<\/a><\/blockquote><\/div>\n\n\n\n<figure class=\"wp-block-image aligncenter size-full is-resized\"><img loading=\"lazy\" decoding=\"async\" width=\"800\" height=\"800\" src=\"https:\/\/estimation.quebec\/wordpress\/wp-content\/uploads\/2022\/06\/logo3_fond_blanc.png\" alt=\"\" class=\"wp-image-411\" style=\"width:200px;height:200px\" srcset=\"https:\/\/estimation.quebec\/wordpress\/wp-content\/uploads\/2022\/06\/logo3_fond_blanc.png 800w, https:\/\/estimation.quebec\/wordpress\/wp-content\/uploads\/2022\/06\/logo3_fond_blanc-300x300.png 300w, https:\/\/estimation.quebec\/wordpress\/wp-content\/uploads\/2022\/06\/logo3_fond_blanc-150x150.png 150w, https:\/\/estimation.quebec\/wordpress\/wp-content\/uploads\/2022\/06\/logo3_fond_blanc-768x768.png 768w\" sizes=\"auto, 100vw\" \/><\/figure>\n\n\n\n<p><a href=\"https:\/\/whc.ca\/ecoresponsable\/?aff=3153&amp;gbid=5fr\"><\/a><a href=\"https:\/\/whc.ca\/ecoresponsable\/?aff=3153&amp;gbid=5fr\"><\/a><\/p>\n\n\n\n<p><\/p>\n","protected":false},"excerpt":{"rendered":"<p>Introduction Estimation.Qu\u00e9bec est une entreprise qui op\u00e8re un site internet. Elle est aussi enregistr\u00e9e sous le nom de Point Qu\u00e9bec Media. L&rsquo;adresse de notre site web est https:\/\/estimation.quebec. Mission Estimation.Qu\u00e9bec d\u00e9sire partager la vision d\u2019un march\u00e9 o\u00f9: Pour accomplir sa mission, Estimation.Qu\u00e9bec propose une plateforme collaborative d&rsquo;estimation de co\u00fbts de construction au service des : [&hellip;]<\/p>\n","protected":false},"author":1,"featured_media":0,"parent":0,"menu_order":0,"comment_status":"closed","ping_status":"closed","template":"","meta":{"pagelayer_contact_templates":[],"_pagelayer_content":"","footnotes":""},"class_list":["post-8","page","type-page","status-publish","hentry"],"_links":{"self":[{"href":"https:\/\/estimation.quebec\/wordpress\/wp-json\/wp\/v2\/pages\/8","targetHints":{"allow":["GET"]}}],"collection":[{"href":"https:\/\/estimation.quebec\/wordpress\/wp-json\/wp\/v2\/pages"}],"about":[{"href":"https:\/\/estimation.quebec\/wordpress\/wp-json\/wp\/v2\/types\/page"}],"author":[{"embeddable":true,"href":"https:\/\/estimation.quebec\/wordpress\/wp-json\/wp\/v2\/users\/1"}],"replies":[{"embeddable":true,"href":"https:\/\/estimation.quebec\/wordpress\/wp-json\/wp\/v2\/comments?post=8"}],"version-history":[{"count":33,"href":"https:\/\/estimation.quebec\/wordpress\/wp-json\/wp\/v2\/pages\/8\/revisions"}],"predecessor-version":[{"id":1501,"href":"https:\/\/estimation.quebec\/wordpress\/wp-json\/wp\/v2\/pages\/8\/revisions\/1501"}],"wp:attachment":[{"href":"https:\/\/estimation.quebec\/wordpress\/wp-json\/wp\/v2\/media?parent=8"}],"curies":[{"name":"wp","href":"https:\/\/api.w.org\/{rel}","templated":true}]}}